{"id":657,"date":"2022-11-09T21:21:17","date_gmt":"2022-11-09T21:21:17","guid":{"rendered":"https:\/\/test.franks-vinothek.de\/?page_id=657"},"modified":"2025-11-25T16:44:02","modified_gmt":"2025-11-25T15:44:02","slug":"themenabende","status":"publish","type":"page","link":"https:\/\/franks-vinothek.de\/index.php\/themenabende\/","title":{"rendered":"Themenabende"},"content":{"rendered":"\t\t<div data-elementor-type=\"wp-page\" data-elementor-id=\"657\" class=\"elementor elementor-657\">\n\t\t\t\t\t\t<section class=\"elementor-section elementor-top-section elementor-element elementor-element-f6836a7 elementor-section-boxed elementor-section-height-default elementor-section-height-default\" data-id=\"f6836a7\" data-element_type=\"section\" data-e-type=\"section\">\n\t\t\t\t\t\t<div class=\"elementor-container elementor-column-gap-default\">\n\t\t\t\t\t<div class=\"elementor-column elementor-col-100 elementor-top-column elementor-element elementor-element-2142a2c\" data-id=\"2142a2c\" data-element_type=\"column\" data-e-type=\"column\">\n\t\t\t<div class=\"elementor-widget-wrap elementor-element-populated\">\n\t\t\t\t\t\t<div class=\"elementor-element elementor-element-fed927c elementor-widget elementor-widget-heading\" data-id=\"fed927c\" data-element_type=\"widget\" data-e-type=\"widget\" data-widget_type=\"heading.default\">\n\t\t\t\t<div class=\"elementor-widget-container\">\n\t\t\t\t\t<h2 class=\"elementor-heading-title elementor-size-default\">Themenabende<\/h2>\t\t\t\t<\/div>\n\t\t\t\t<\/div>\n\t\t\t\t<div class=\"elementor-element elementor-element-7af00a3 elementor-widget elementor-widget-text-editor\" data-id=\"7af00a3\" data-element_type=\"widget\" data-e-type=\"widget\" data-widget_type=\"text-editor.default\">\n\t\t\t\t<div class=\"elementor-widget-container\">\n\t\t\t\t\t\t\t\t\t<p style=\"text-align: center;\">Wir f\u00fchren euch durch einen Abend ausgew\u00e4hlter Produkte aus unserem Sortiment. Details findet ihr bei den einzelnen Veranstaltungen, aber soviel k\u00f6nnen wir schon mal vorweg nehmen: Der Spa\u00df kommt nie zu kurz. Und die Infos nat\u00fcrlich auch nicht.<\/p><p style=\"text-align: center;\">F\u00fcr die Themenabende haben wir immer 30 Pl\u00e4tze. Sichert euch eure Tickets f\u00fcr euer Lieblingsthema am besten direkt in der Vinothek. Beim Ticketkauf k\u00f6nnt ihr die Gruppengr\u00f6\u00dfe angeben, damit ihr mit eurer Familie, euren Freund*innen, Bekannten oder Arbeitskolleg*innen auch zusammen sitzt.\u00a0<\/p><p style=\"text-align: center;\">Zu einigen Events findet ihr hier schon Infos, zu den anderen Terminen folgen die Infos immer von Zeit zu Zeit. Es lohnt sich also, immer mal wieder (virtuell) vorbeizuschauen.<\/p><p style=\"text-align: center;\"><b>Du<\/b> <b>brauchst<\/b> <b>mehr<\/b> <b>Informationen<\/b>? <b>Frank<\/b> <b>erkl\u00e4rt<\/b> <b>es<\/b> <b>dir<\/b> <b>im<\/b> <b>Video!<\/b><\/p><p style=\"text-align: center;\">\u00a0<\/p>\t\t\t\t\t\t\t\t<\/div>\n\t\t\t\t<\/div>\n\t\t\t\t<div class=\"elementor-element elementor-element-b85168d elementor-widget elementor-widget-video\" data-id=\"b85168d\" data-element_type=\"widget\" data-e-type=\"widget\" data-settings=\"{&quot;youtube_url&quot;:&quot;https:\\\/\\\/youtu.be\\\/Q1gP3r_wGEs&quot;,&quot;video_type&quot;:&quot;youtube&quot;,&quot;controls&quot;:&quot;yes&quot;}\" data-widget_type=\"video.default\">\n\t\t\t\t<div class=\"elementor-widget-container\">\n\t\t\t\t\t\t\t<div class=\"elementor-wrapper elementor-open-inline\">\n\t\t\t<div class=\"elementor-video\"><\/div>\t\t<\/div>\n\t\t\t\t\t\t<\/div>\n\t\t\t\t<\/div>\n\t\t\t\t<div class=\"elementor-element elementor-element-7167449 elementor-widget elementor-widget-heading\" data-id=\"7167449\" data-element_type=\"widget\" data-e-type=\"widget\" data-widget_type=\"heading.default\">\n\t\t\t\t<div class=\"elementor-widget-container\">\n\t\t\t\t\t<h2 class=\"elementor-heading-title elementor-size-default\"><br><br>Themen<\/h2>\t\t\t\t<\/div>\n\t\t\t\t<\/div>\n\t\t\t\t<div class=\"elementor-element elementor-element-2219f6b elementor-widget elementor-widget-heading\" data-id=\"2219f6b\" data-element_type=\"widget\" data-e-type=\"widget\" data-widget_type=\"heading.default\">\n\t\t\t\t<div class=\"elementor-widget-container\">\n\t\t\t\t\t<h2 class=\"elementor-heading-title elementor-size-large\"><span style=\"font-family: ABeeZee;font-size: 15px;font-style: normal;letter-spacing: 0.4px;text-align: center;white-space: normal\">Zu jeder Themenweinprobe servieren wir euch ein Mehr-G\u00e4nge-Men\u00fc, das speziell auf die Themen abgestimmt ist. Die Themenweinproben kosten \u2013 je nach Themenbereich \u2013 zwischen 60\u20ac und 70\u20ac.<\/span><\/h2>\t\t\t\t<\/div>\n\t\t\t\t<\/div>\n\t\t\t\t\t<\/div>\n\t\t<\/div>\n\t\t\t\t\t<\/div>\n\t\t<\/section>\n\t\t\t\t<section class=\"elementor-section elementor-top-section elementor-element elementor-element-a0c2e27 elementor-section-boxed elementor-section-height-default elementor-section-height-default\" data-id=\"a0c2e27\" data-element_type=\"section\" data-e-type=\"section\">\n\t\t\t\t\t\t<div class=\"elementor-container elementor-column-gap-default\">\n\t\t\t\t\t<div class=\"elementor-column elementor-col-100 elementor-top-column elementor-element elementor-element-4d84013\" data-id=\"4d84013\" data-element_type=\"column\" data-e-type=\"column\">\n\t\t\t<div class=\"elementor-widget-wrap elementor-element-populated\">\n\t\t\t\t\t\t<div class=\"elementor-element elementor-element-ecb08ce elementor-widget elementor-widget-image\" data-id=\"ecb08ce\" data-element_type=\"widget\" data-e-type=\"widget\" data-widget_type=\"image.default\">\n\t\t\t\t<div class=\"elementor-widget-container\">\n\t\t\t\t\t\t\t\t\t\t\t\t\t\t\t<img decoding=\"async\" src=\"https:\/\/franks-vinothek.de\/wp-content\/uploads\/2025\/11\/Originalgroesse-Originalgroesse-Soft-Pink-And-Cream-Aesthetic-Minimalist-Limited-Offer-Discount-Flyer-A6-Notizblock-A6.zip-2.png\" title=\"[Originalgr\u00f6\u00dfe] [Originalgr\u00f6\u00dfe] Soft Pink And Cream Aesthetic Minimalist Limited Offer Discount Flyer (A6) (Notizblock (A6)).zip &#8211; 2\" alt=\"[Originalgr\u00f6\u00dfe] [Originalgr\u00f6\u00dfe] Soft Pink And Cream Aesthetic Minimalist Limited Offer Discount Flyer (A6) (Notizblock (A6)).zip - 2\" loading=\"lazy\" \/>\t\t\t\t\t\t\t\t\t\t\t\t\t\t\t<\/div>\n\t\t\t\t<\/div>\n\t\t\t\t\t<\/div>\n\t\t<\/div>\n\t\t\t\t\t<\/div>\n\t\t<\/section>\n\t\t\t\t<\/div>\n\t\t","protected":false},"excerpt":{"rendered":"<p>Themenabende Wir f\u00fchren euch durch einen Abend ausgew\u00e4hlter Produkte aus unserem Sortiment. Details findet ihr bei den einzelnen Veranstaltungen, aber soviel k\u00f6nnen wir schon mal vorweg nehmen: Der Spa\u00df kommt nie zu kurz. Und die Infos nat\u00fcrlich auch nicht. F\u00fcr die Themenabende haben wir immer 30 Pl\u00e4tze. Sichert euch eure Tickets f\u00fcr euer Lieblingsthema am [&hellip;]<\/p>\n","protected":false},"author":1,"featured_media":0,"parent":0,"menu_order":0,"comment_status":"closed","ping_status":"closed","template":"","meta":{"ocean_post_layout":"","ocean_both_sidebars_style":"","ocean_both_sidebars_content_width":0,"ocean_both_sidebars_sidebars_width":0,"ocean_sidebar":"0","ocean_second_sidebar":"0","ocean_disable_margins":"enable","ocean_add_body_class":"","ocean_shortcode_before_top_bar":"","ocean_shortcode_after_top_bar":"","ocean_shortcode_before_header":"","ocean_shortcode_after_header":"","ocean_has_shortcode":"","ocean_shortcode_after_title":"","ocean_shortcode_before_footer_widgets":"","ocean_shortcode_after_footer_widgets":"","ocean_shortcode_before_footer_bottom":"","ocean_shortcode_after_footer_bottom":"","ocean_display_top_bar":"default","ocean_display_header":"default","ocean_header_style":"","ocean_center_header_left_menu":"0","ocean_custom_header_template":"0","ocean_custom_logo":0,"ocean_custom_retina_logo":0,"ocean_custom_logo_max_width":0,"ocean_custom_logo_tablet_max_width":0,"ocean_custom_logo_mobile_max_width":0,"ocean_custom_logo_max_height":0,"ocean_custom_logo_tablet_max_height":0,"ocean_custom_logo_mobile_max_height":0,"ocean_header_custom_menu":"0","ocean_menu_typo_font_family":"0","ocean_menu_typo_font_subset":"","ocean_menu_typo_font_size":0,"ocean_menu_typo_font_size_tablet":0,"ocean_menu_typo_font_size_mobile":0,"ocean_menu_typo_font_size_unit":"px","ocean_menu_typo_font_weight":"","ocean_menu_typo_font_weight_tablet":"","ocean_menu_typo_font_weight_mobile":"","ocean_menu_typo_transform":"","ocean_menu_typo_transform_tablet":"","ocean_menu_typo_transform_mobile":"","ocean_menu_typo_line_height":0,"ocean_menu_typo_line_height_tablet":0,"ocean_menu_typo_line_height_mobile":0,"ocean_menu_typo_line_height_unit":"","ocean_menu_typo_spacing":0,"ocean_menu_typo_spacing_tablet":0,"ocean_menu_typo_spacing_mobile":0,"ocean_menu_typo_spacing_unit":"","ocean_menu_link_color":"","ocean_menu_link_color_hover":"","ocean_menu_link_color_active":"","ocean_menu_link_background":"","ocean_menu_link_hover_background":"","ocean_menu_link_active_background":"","ocean_menu_social_links_bg":"","ocean_menu_social_hover_links_bg":"","ocean_menu_social_links_color":"","ocean_menu_social_hover_links_color":"","ocean_disable_title":"default","ocean_disable_heading":"on","ocean_post_title":"","ocean_post_subheading":"","ocean_post_title_style":"background-image","ocean_post_title_background_color":"","ocean_post_title_background":616,"ocean_post_title_bg_image_position":"center center","ocean_post_title_bg_image_attachment":"","ocean_post_title_bg_image_repeat":"","ocean_post_title_bg_image_size":"","ocean_post_title_height":0,"ocean_post_title_bg_overlay":0.5,"ocean_post_title_bg_overlay_color":"","ocean_disable_breadcrumbs":"off","ocean_breadcrumbs_color":"","ocean_breadcrumbs_separator_color":"","ocean_breadcrumbs_links_color":"","ocean_breadcrumbs_links_hover_color":"","ocean_display_footer_widgets":"default","ocean_display_footer_bottom":"default","ocean_custom_footer_template":"0","footnotes":""},"class_list":["post-657","page","type-page","status-publish","hentry","entry"],"_links":{"self":[{"href":"https:\/\/franks-vinothek.de\/index.php\/wp-json\/wp\/v2\/pages\/657","targetHints":{"allow":["GET"]}}],"collection":[{"href":"https:\/\/franks-vinothek.de\/index.php\/wp-json\/wp\/v2\/pages"}],"about":[{"href":"https:\/\/franks-vinothek.de\/index.php\/wp-json\/wp\/v2\/types\/page"}],"author":[{"embeddable":true,"href":"https:\/\/franks-vinothek.de\/index.php\/wp-json\/wp\/v2\/users\/1"}],"replies":[{"embeddable":true,"href":"https:\/\/franks-vinothek.de\/index.php\/wp-json\/wp\/v2\/comments?post=657"}],"version-history":[{"count":74,"href":"https:\/\/franks-vinothek.de\/index.php\/wp-json\/wp\/v2\/pages\/657\/revisions"}],"predecessor-version":[{"id":997,"href":"https:\/\/franks-vinothek.de\/index.php\/wp-json\/wp\/v2\/pages\/657\/revisions\/997"}],"wp:attachment":[{"href":"https:\/\/franks-vinothek.de\/index.php\/wp-json\/wp\/v2\/media?parent=657"}],"curies":[{"name":"wp","href":"https:\/\/api.w.org\/{rel}","templated":true}]}}