{"id":652,"date":"2022-11-09T21:08:06","date_gmt":"2022-11-09T21:08:06","guid":{"rendered":"https:\/\/test.franks-vinothek.de\/?page_id=652"},"modified":"2026-03-05T12:01:30","modified_gmt":"2026-03-05T11:01:30","slug":"weinbar","status":"publish","type":"page","link":"https:\/\/franks-vinothek.de\/index.php\/weinbar\/","title":{"rendered":"Weinbar"},"content":{"rendered":"\t\t<div data-elementor-type=\"wp-page\" data-elementor-id=\"652\" class=\"elementor elementor-652\">\n\t\t\t\t\t\t<section class=\"elementor-section elementor-top-section elementor-element elementor-element-0a9a74a elementor-section-boxed elementor-section-height-default elementor-section-height-default\" data-id=\"0a9a74a\" data-element_type=\"section\" data-e-type=\"section\">\n\t\t\t\t\t\t<div class=\"elementor-container elementor-column-gap-default\">\n\t\t\t\t\t<div class=\"elementor-column elementor-col-100 elementor-top-column elementor-element elementor-element-eaf59fb\" data-id=\"eaf59fb\" data-element_type=\"column\" data-e-type=\"column\">\n\t\t\t<div class=\"elementor-widget-wrap elementor-element-populated\">\n\t\t\t\t\t\t<div class=\"elementor-element elementor-element-f939d3e elementor-widget elementor-widget-heading\" data-id=\"f939d3e\" data-element_type=\"widget\" data-e-type=\"widget\" data-widget_type=\"heading.default\">\n\t\t\t\t<div class=\"elementor-widget-container\">\n\t\t\t\t\t<h2 class=\"elementor-heading-title elementor-size-default\">Unsere Weinbar und Angebote<\/h2>\t\t\t\t<\/div>\n\t\t\t\t<\/div>\n\t\t\t\t<div class=\"elementor-element elementor-element-fbf10ee elementor-widget elementor-widget-text-editor\" data-id=\"fbf10ee\" data-element_type=\"widget\" data-e-type=\"widget\" data-widget_type=\"text-editor.default\">\n\t\t\t\t<div class=\"elementor-widget-container\">\n\t\t\t\t\t\t\t\t\t<p style=\"text-align: center;\">Jeden Freitag und Samstag begr\u00fc\u00dfen wir euch in unserer Gastronomie. Entscheidet euch f\u00fcr einen Abend <strong>\u00e0 la carte<\/strong>, einen <strong>kulinarischen Abend<\/strong> oder eine <strong>Weinprobe<\/strong>. Zudem bieten wir regem\u00e4\u00dfig auch besondere Themenabende an.<\/p><p style=\"text-align: center;\">Grunds\u00e4tzlich stehen wir euch nat\u00fcrlich immer f\u00fcr Fragen rund um unsere Produkte und die Entstehung zur Verf\u00fcgung.\u00a0<\/p>\t\t\t\t\t\t\t\t<\/div>\n\t\t\t\t<\/div>\n\t\t\t\t<div class=\"elementor-element elementor-element-5657b60 elementor-widget elementor-widget-heading\" data-id=\"5657b60\" data-element_type=\"widget\" data-e-type=\"widget\" data-widget_type=\"heading.default\">\n\t\t\t\t<div class=\"elementor-widget-container\">\n\t\t\t\t\t<h2 class=\"elementor-heading-title elementor-size-default\">\u00e0 la carte<\/h2>\t\t\t\t<\/div>\n\t\t\t\t<\/div>\n\t\t\t\t<div class=\"elementor-element elementor-element-1fb3017 elementor-widget elementor-widget-text-editor\" data-id=\"1fb3017\" data-element_type=\"widget\" data-e-type=\"widget\" data-widget_type=\"text-editor.default\">\n\t\t\t\t<div class=\"elementor-widget-container\">\n\t\t\t\t\t\t\t\t\t<p style=\"text-align: center;\">Beim <em>\u00e0 la carte<\/em>\u00a0reserviert ihr (am besten) einen Tisch und genie\u00dft Getr\u00e4nke und Speisen individuell von der Speisekarte.<\/p><p>\u00a0<\/p>\t\t\t\t\t\t\t\t<\/div>\n\t\t\t\t<\/div>\n\t\t\t\t<div class=\"elementor-element elementor-element-faa4965 elementor-widget elementor-widget-video\" data-id=\"faa4965\" data-element_type=\"widget\" data-e-type=\"widget\" data-settings=\"{&quot;youtube_url&quot;:&quot;https:\\\/\\\/youtu.be\\\/A1uBjgOxJJU&quot;,&quot;video_type&quot;:&quot;youtube&quot;,&quot;controls&quot;:&quot;yes&quot;}\" data-widget_type=\"video.default\">\n\t\t\t\t<div class=\"elementor-widget-container\">\n\t\t\t\t\t\t\t<div class=\"elementor-wrapper elementor-open-inline\">\n\t\t\t<div class=\"elementor-video\"><\/div>\t\t<\/div>\n\t\t\t\t\t\t<\/div>\n\t\t\t\t<\/div>\n\t\t\t\t<div class=\"elementor-element elementor-element-d4b5add elementor-widget elementor-widget-heading\" data-id=\"d4b5add\" data-element_type=\"widget\" data-e-type=\"widget\" data-widget_type=\"heading.default\">\n\t\t\t\t<div class=\"elementor-widget-container\">\n\t\t\t\t\t<h2 class=\"elementor-heading-title elementor-size-default\"><br><br><br><br>Kulinarischer Abend<\/h2>\t\t\t\t<\/div>\n\t\t\t\t<\/div>\n\t\t\t\t<div class=\"elementor-element elementor-element-215a353 elementor-widget elementor-widget-text-editor\" data-id=\"215a353\" data-element_type=\"widget\" data-e-type=\"widget\" data-widget_type=\"text-editor.default\">\n\t\t\t\t<div class=\"elementor-widget-container\">\n\t\t\t\t\t\t\t\t\t<p style=\"text-align: center;\">Bei unserem kulinarischen Abend startet ihr mit einem Aperitif, anschlie\u00dfend servieren wir ein Mehr-G\u00e4nge-Men\u00fc, wahlweise mit oder ohne Dessert. Die Weine k\u00f6nnt ihr individuell und nach eurem eigenen Geschmack dazu bestellen \u2013 nat\u00fcrlich auch Spirituosen, Bier und\/oder Cocktails. Wir beraten euch immer gern, wenn ihr Fragen habt oder euch Empfehlungen w\u00fcnscht. Die Getr\u00e4nke sind, bis auf den Apertif, in diesem Paket nicht enthalten.\u00a0<\/p><p style=\"text-align: center;\">Das Mehrgangmen\u00fc inkl. Aperitif kostet\u00a0<b>32 \u20ac<\/b> pro Person zzgl. Getr\u00e4nke.<\/p><p style=\"text-align: center;\">\u00a0<\/p>\t\t\t\t\t\t\t\t<\/div>\n\t\t\t\t<\/div>\n\t\t\t\t<div class=\"elementor-element elementor-element-45f73fb elementor-widget elementor-widget-video\" data-id=\"45f73fb\" data-element_type=\"widget\" data-e-type=\"widget\" data-settings=\"{&quot;youtube_url&quot;:&quot;https:\\\/\\\/youtu.be\\\/DZvm_v0tgro&quot;,&quot;video_type&quot;:&quot;youtube&quot;,&quot;controls&quot;:&quot;yes&quot;}\" data-widget_type=\"video.default\">\n\t\t\t\t<div class=\"elementor-widget-container\">\n\t\t\t\t\t\t\t<div class=\"elementor-wrapper elementor-open-inline\">\n\t\t\t<div class=\"elementor-video\"><\/div>\t\t<\/div>\n\t\t\t\t\t\t<\/div>\n\t\t\t\t<\/div>\n\t\t\t\t<div class=\"elementor-element elementor-element-635b7cf elementor-widget elementor-widget-heading\" data-id=\"635b7cf\" data-element_type=\"widget\" data-e-type=\"widget\" data-widget_type=\"heading.default\">\n\t\t\t\t<div class=\"elementor-widget-container\">\n\t\t\t\t\t<h2 class=\"elementor-heading-title elementor-size-default\"><br><br><br><br>Wein- oder Spirituosenprobe f\u00fcr Entdecker<\/h2>\t\t\t\t<\/div>\n\t\t\t\t<\/div>\n\t\t\t\t<div class=\"elementor-element elementor-element-6509b2c elementor-widget elementor-widget-text-editor\" data-id=\"6509b2c\" data-element_type=\"widget\" data-e-type=\"widget\" data-widget_type=\"text-editor.default\">\n\t\t\t\t<div class=\"elementor-widget-container\">\n\t\t\t\t\t\t\t\t\t<p style=\"text-align: center;\">Die Weinprobe ist f\u00fcr diejenigen von euch gedacht, die Lust haben, Neues zu entdecken und \u00fcber den Horizont des eigenen Geschmacks hinaus zu gehen. Ihr k\u00f6nnt hier etwas lernen und uns L\u00f6cher in den Bauch fragen zu allem, was euch \u00fcber die Wein(Bier-, Spirituosen-)welt interessiert. Dazu stellen wir eine Probe f\u00fcr euch zusammen. Das bedeutet: Wenn ihr wisst, dass ihr nur bestimmte Weine m\u00f6gt oder euch nach eurem Geschmack durchprobieren wollt, dann ist der kulinarische Abend eher etwas f\u00fcr euch. Dazu servieren wir ein Mehr-G\u00e4nge-Men\u00fc, das auf die Getr\u00e4nke abgestimmt ist. Gleiches System, andere Rubriken: Ihr k\u00f6nnt die Probe auch gern f\u00fcr Spirituosen buchen.<\/p><p style=\"text-align: center;\"><span style=\"font-family: ABeeZee; font-size: 15px; font-style: normal; font-variant-ligatures: normal; font-variant-caps: normal; font-weight: 400; letter-spacing: 0.4px;\">Die Weinprobe inkl. Speisen &amp; Mineralwasser kostet <\/span><b><span style=\"font-family: ABeeZee; font-size: 15px; font-style: normal; font-variant-ligatures: normal; font-variant-caps: normal; letter-spacing: 0.4px;\">65<\/span><span style=\"font-variant-ligatures: normal; font-variant-caps: normal; font-family: ABeeZee; font-size: 15px; font-style: normal; letter-spacing: 0.4px;\">\u00a0\u20ac<\/span><\/b><span style=\"font-family: ABeeZee; font-size: 15px; font-style: normal; font-variant-ligatures: normal; font-variant-caps: normal; font-weight: 400; letter-spacing: 0.4px;\">\u00a0pro Person, die Spirituosenprobe <\/span><span style=\"font-family: ABeeZee; font-size: 15px; font-style: normal; font-variant-ligatures: normal; font-variant-caps: normal; letter-spacing: 0.4px;\"><b>75 \u20ac<\/b><\/span><span style=\"font-family: ABeeZee; font-size: 15px; font-style: normal; font-variant-ligatures: normal; font-variant-caps: normal; font-weight: 400; letter-spacing: 0.4px;\"> pro Person.<\/span><\/p>\t\t\t\t\t\t\t\t<\/div>\n\t\t\t\t<\/div>\n\t\t\t\t<div class=\"elementor-element elementor-element-5f92c60 elementor-widget elementor-widget-video\" data-id=\"5f92c60\" data-element_type=\"widget\" data-e-type=\"widget\" data-settings=\"{&quot;youtube_url&quot;:&quot;https:\\\/\\\/youtu.be\\\/TAiGf4HwpLM&quot;,&quot;video_type&quot;:&quot;youtube&quot;,&quot;controls&quot;:&quot;yes&quot;}\" data-widget_type=\"video.default\">\n\t\t\t\t<div class=\"elementor-widget-container\">\n\t\t\t\t\t\t\t<div class=\"elementor-wrapper elementor-open-inline\">\n\t\t\t<div class=\"elementor-video\"><\/div>\t\t<\/div>\n\t\t\t\t\t\t<\/div>\n\t\t\t\t<\/div>\n\t\t\t\t<div class=\"elementor-element elementor-element-1a1c5bd elementor-widget elementor-widget-heading\" data-id=\"1a1c5bd\" data-element_type=\"widget\" data-e-type=\"widget\" data-widget_type=\"heading.default\">\n\t\t\t\t<div class=\"elementor-widget-container\">\n\t\t\t\t\t<h2 class=\"elementor-heading-title elementor-size-default\"><br><br><br><br>Themenabende<\/h2>\t\t\t\t<\/div>\n\t\t\t\t<\/div>\n\t\t\t\t<div class=\"elementor-element elementor-element-07cebeb elementor-widget elementor-widget-text-editor\" data-id=\"07cebeb\" data-element_type=\"widget\" data-e-type=\"widget\" data-widget_type=\"text-editor.default\">\n\t\t\t\t<div class=\"elementor-widget-container\">\n\t\t\t\t\t\t\t\t\t<p style=\"text-align: center;\">Wir w\u00fcrden euch hier nat\u00fcrlich gerne alles vorstellen, aber die Themenabende sind dann doch etwas vielf\u00e4ltiger. Daher haben wir einen Link mit ein paar mehr Details f\u00fcr euch eingerichtet. Kurz: Jeden Monat gibt es einen Themenabend, bei dem wir unter einem bestimmten Motto Weine vorstellen. Es gibt jeweils 30 Pl\u00e4tze, f\u00fcr die ihr Karten kaufen k\u00f6nnt. F\u00fcr mehr Infos klickt einfach auf den Link!<\/p><p style=\"text-align: center;\"><a href=\"https:\/\/franks-vinothek.de\/index.php\/themenabende\/\"><span style=\"text-decoration: underline;\">Ab geht es zu den Infos<\/span><\/a><\/p>\t\t\t\t\t\t\t\t<\/div>\n\t\t\t\t<\/div>\n\t\t\t\t\t<\/div>\n\t\t<\/div>\n\t\t\t\t\t<\/div>\n\t\t<\/section>\n\t\t\t\t<\/div>\n\t\t","protected":false},"excerpt":{"rendered":"<p>Unsere Weinbar und Angebote Jeden Freitag und Samstag begr\u00fc\u00dfen wir euch in unserer Gastronomie. Entscheidet euch f\u00fcr einen Abend \u00e0 la carte, einen kulinarischen Abend oder eine Weinprobe. Zudem bieten wir regem\u00e4\u00dfig auch besondere Themenabende an. Grunds\u00e4tzlich stehen wir euch nat\u00fcrlich immer f\u00fcr Fragen rund um unsere Produkte und die Entstehung zur Verf\u00fcgung.\u00a0 \u00e0 la [&hellip;]<\/p>\n","protected":false},"author":1,"featured_media":0,"parent":0,"menu_order":0,"comment_status":"closed","ping_status":"closed","template":"","meta":{"ocean_post_layout":"","ocean_both_sidebars_style":"","ocean_both_sidebars_content_width":0,"ocean_both_sidebars_sidebars_width":0,"ocean_sidebar":"0","ocean_second_sidebar":"0","ocean_disable_margins":"enable","ocean_add_body_class":"","ocean_shortcode_before_top_bar":"","ocean_shortcode_after_top_bar":"","ocean_shortcode_before_header":"","ocean_shortcode_after_header":"","ocean_has_shortcode":"","ocean_shortcode_after_title":"","ocean_shortcode_before_footer_widgets":"","ocean_shortcode_after_footer_widgets":"","ocean_shortcode_before_footer_bottom":"","ocean_shortcode_after_footer_bottom":"","ocean_display_top_bar":"default","ocean_display_header":"default","ocean_header_style":"","ocean_center_header_left_menu":"0","ocean_custom_header_template":"0","ocean_custom_logo":0,"ocean_custom_retina_logo":0,"ocean_custom_logo_max_width":0,"ocean_custom_logo_tablet_max_width":0,"ocean_custom_logo_mobile_max_width":0,"ocean_custom_logo_max_height":0,"ocean_custom_logo_tablet_max_height":0,"ocean_custom_logo_mobile_max_height":0,"ocean_header_custom_menu":"0","ocean_menu_typo_font_family":"0","ocean_menu_typo_font_subset":"","ocean_menu_typo_font_size":0,"ocean_menu_typo_font_size_tablet":0,"ocean_menu_typo_font_size_mobile":0,"ocean_menu_typo_font_size_unit":"px","ocean_menu_typo_font_weight":"","ocean_menu_typo_font_weight_tablet":"","ocean_menu_typo_font_weight_mobile":"","ocean_menu_typo_transform":"","ocean_menu_typo_transform_tablet":"","ocean_menu_typo_transform_mobile":"","ocean_menu_typo_line_height":0,"ocean_menu_typo_line_height_tablet":0,"ocean_menu_typo_line_height_mobile":0,"ocean_menu_typo_line_height_unit":"","ocean_menu_typo_spacing":0,"ocean_menu_typo_spacing_tablet":0,"ocean_menu_typo_spacing_mobile":0,"ocean_menu_typo_spacing_unit":"","ocean_menu_link_color":"","ocean_menu_link_color_hover":"","ocean_menu_link_color_active":"","ocean_menu_link_background":"","ocean_menu_link_hover_background":"","ocean_menu_link_active_background":"","ocean_menu_social_links_bg":"","ocean_menu_social_hover_links_bg":"","ocean_menu_social_links_color":"","ocean_menu_social_hover_links_color":"","ocean_disable_title":"default","ocean_disable_heading":"on","ocean_post_title":"","ocean_post_subheading":"","ocean_post_title_style":"background-image","ocean_post_title_background_color":"","ocean_post_title_background":616,"ocean_post_title_bg_image_position":"center center","ocean_post_title_bg_image_attachment":"","ocean_post_title_bg_image_repeat":"","ocean_post_title_bg_image_size":"","ocean_post_title_height":0,"ocean_post_title_bg_overlay":0.5,"ocean_post_title_bg_overlay_color":"","ocean_disable_breadcrumbs":"off","ocean_breadcrumbs_color":"","ocean_breadcrumbs_separator_color":"","ocean_breadcrumbs_links_color":"","ocean_breadcrumbs_links_hover_color":"","ocean_display_footer_widgets":"default","ocean_display_footer_bottom":"default","ocean_custom_footer_template":"0","footnotes":""},"class_list":["post-652","page","type-page","status-publish","hentry","entry"],"_links":{"self":[{"href":"https:\/\/franks-vinothek.de\/index.php\/wp-json\/wp\/v2\/pages\/652","targetHints":{"allow":["GET"]}}],"collection":[{"href":"https:\/\/franks-vinothek.de\/index.php\/wp-json\/wp\/v2\/pages"}],"about":[{"href":"https:\/\/franks-vinothek.de\/index.php\/wp-json\/wp\/v2\/types\/page"}],"author":[{"embeddable":true,"href":"https:\/\/franks-vinothek.de\/index.php\/wp-json\/wp\/v2\/users\/1"}],"replies":[{"embeddable":true,"href":"https:\/\/franks-vinothek.de\/index.php\/wp-json\/wp\/v2\/comments?post=652"}],"version-history":[{"count":51,"href":"https:\/\/franks-vinothek.de\/index.php\/wp-json\/wp\/v2\/pages\/652\/revisions"}],"predecessor-version":[{"id":1006,"href":"https:\/\/franks-vinothek.de\/index.php\/wp-json\/wp\/v2\/pages\/652\/revisions\/1006"}],"wp:attachment":[{"href":"https:\/\/franks-vinothek.de\/index.php\/wp-json\/wp\/v2\/media?parent=652"}],"curies":[{"name":"wp","href":"https:\/\/api.w.org\/{rel}","templated":true}]}}